{"id":6,"date":"2025-09-01T15:55:59","date_gmt":"2025-09-01T13:55:59","guid":{"rendered":"https:\/\/wp13.irfma-pedago.org\/?page_id=6"},"modified":"2025-09-01T15:56:48","modified_gmt":"2025-09-01T13:56:48","slug":"page-de-maintenance","status":"publish","type":"page","link":"https:\/\/wp13.irfma-pedago.org\/","title":{"rendered":"Page de maintenance"},"content":{"rendered":"\n<div id=\"wp-block-themeisle-blocks-advanced-columns-38fdf81c\" class=\"wp-block-themeisle-blocks-advanced-columns alignfull has-2-columns has-desktop-equal-layout has-tablet-collapsedRows-layout has-mobile-collapsedRows-layout has-vertical-center has-dark-bg\"><div class=\"wp-block-themeisle-blocks-advanced-columns-overlay\"><\/div><div class=\"innerblocks-wrap\">\n<div id=\"wp-block-themeisle-blocks-advanced-column-0a1b5b8c\" class=\"wp-block-themeisle-blocks-advanced-column\">\n<figure class=\"wp-block-image size-full is-resized\"><img decoding=\"async\" src=\"https:\/\/demosites.io\/otter\/wp-content\/uploads\/sites\/664\/2022\/09\/placeholder-img-21-1.png\" alt=\"\" class=\"wp-image-388\" style=\"width:522px;height:360px\"\/><\/figure>\n<\/div>\n\n\n\n<div id=\"wp-block-themeisle-blocks-advanced-column-efa311e1\" class=\"wp-block-themeisle-blocks-advanced-column\">\n<h1 id=\"wp-block-themeisle-blocks-advanced-heading-341a26ad\" class=\"wp-block-themeisle-blocks-advanced-heading wp-block-themeisle-blocks-advanced-heading-341a26ad\">WP13 &#8211; Libre<\/h1>\n\n\n\n<h2 id=\"wp-block-themeisle-blocks-advanced-heading-ba3a930f\" class=\"wp-block-themeisle-blocks-advanced-heading wp-block-themeisle-blocks-advanced-heading-ba3a930f\">Excusez-nous pour la g\u00eane occasionn\u00e9e. Notre site web est actuellement en maintenance.<br>Un site internet r\u00e9alis\u00e9 avec le concours de la formation<br><a rel=\"noreferrer noopener\" href=\"https:\/\/www.cma66.fr\/formations\/numerique\/site-internet-cle-en-main-formation-wordpress\/\" target=\"_blank\">Site Internet cl\u00e9 en main<\/a><br>de la<\/h2>\n\n\n\n<figure class=\"wp-block-image size-large\"><a href=\"https:\/\/www.cma66.fr\/\"><img decoding=\"async\" src=\"https:\/\/www.cma66.fr\/wp-content\/uploads\/2022\/12\/logo-cma-pyrenees-orientales-horizontal-blanc.png\" alt=\"\"\/><\/a><\/figure>\n<\/div>\n<\/div><\/div>\n","protected":false},"excerpt":{"rendered":"","protected":false},"author":1,"featured_media":0,"parent":0,"menu_order":0,"comment_status":"closed","ping_status":"closed","template":"templates\/wpmm-page-template.php","meta":{"_themeisle_gutenberg_block_has_review":false,"footnotes":""},"class_list":["post-6","page","type-page","status-publish","hentry"],"_links":{"self":[{"href":"https:\/\/wp13.irfma-pedago.org\/index.php?rest_route=\/wp\/v2\/pages\/6","targetHints":{"allow":["GET"]}}],"collection":[{"href":"https:\/\/wp13.irfma-pedago.org\/index.php?rest_route=\/wp\/v2\/pages"}],"about":[{"href":"https:\/\/wp13.irfma-pedago.org\/index.php?rest_route=\/wp\/v2\/types\/page"}],"author":[{"embeddable":true,"href":"https:\/\/wp13.irfma-pedago.org\/index.php?rest_route=\/wp\/v2\/users\/1"}],"replies":[{"embeddable":true,"href":"https:\/\/wp13.irfma-pedago.org\/index.php?rest_route=%2Fwp%2Fv2%2Fcomments&post=6"}],"version-history":[{"count":3,"href":"https:\/\/wp13.irfma-pedago.org\/index.php?rest_route=\/wp\/v2\/pages\/6\/revisions"}],"predecessor-version":[{"id":10,"href":"https:\/\/wp13.irfma-pedago.org\/index.php?rest_route=\/wp\/v2\/pages\/6\/revisions\/10"}],"wp:attachment":[{"href":"https:\/\/wp13.irfma-pedago.org\/index.php?rest_route=%2Fwp%2Fv2%2Fmedia&parent=6"}],"curies":[{"name":"wp","href":"https:\/\/api.w.org\/{rel}","templated":true}]}}